{"id":1352,"date":"2023-10-30T10:08:51","date_gmt":"2023-10-30T10:08:51","guid":{"rendered":"https:\/\/tarraula.com\/?page_id=1352"},"modified":"2024-01-25T08:57:06","modified_gmt":"2024-01-25T08:57:06","slug":"politica-cookies","status":"publish","type":"page","link":"https:\/\/tarraula.com\/en\/cookie-policy\/","title":{"rendered":"Cookies policy"},"content":{"rendered":"<div data-elementor-type=\"wp-page\" data-elementor-id=\"1352\" class=\"elementor elementor-1352\" data-elementor-post-type=\"page\">\n\t\t\t\t<div class=\"elementor-element elementor-element-cf52d87 e-con-full e-flex parallax_section_no qode_elementor_container_no e-con e-parent\" data-id=\"cf52d87\" data-element_type=\"container\" data-e-type=\"container\" data-settings=\"{&quot;background_background&quot;:&quot;classic&quot;}\">\n\t\t\t\t<\/div>\n\t\t<div class=\"elementor-element elementor-element-d154731 e-flex e-con-boxed parallax_section_no qode_elementor_container_no e-con e-parent\" data-id=\"d154731\" data-element_type=\"container\" data-e-type=\"container\">\n\t\t\t\t\t<div class=\"e-con-inner\">\n\t\t\t\t<div class=\"elementor-element elementor-element-9e2c950 elementor-widget elementor-widget-spacer\" data-id=\"9e2c950\" data-element_type=\"widget\" data-e-type=\"widget\" data-widget_type=\"spacer.default\">\n\t\t\t\t<div class=\"elementor-widget-container\">\n\t\t\t\t\t\t\t<div class=\"elementor-spacer\">\n\t\t\t<div class=\"elementor-spacer-inner\"><\/div>\n\t\t<\/div>\n\t\t\t\t\t\t<\/div>\n\t\t\t\t<\/div>\n\t\t\t\t\t<\/div>\n\t\t\t\t<\/div>\n\t\t<div class=\"elementor-element elementor-element-697c6a4 e-flex e-con-boxed parallax_section_no qode_elementor_container_no e-con e-parent\" data-id=\"697c6a4\" data-element_type=\"container\" data-e-type=\"container\">\n\t\t\t\t\t<div class=\"e-con-inner\">\n\t\t\t\t<div class=\"elementor-element elementor-element-5f33345 elementor-widget elementor-widget-heading\" data-id=\"5f33345\" data-element_type=\"widget\" data-e-type=\"widget\" data-widget_type=\"heading.default\">\n\t\t\t\t<div class=\"elementor-widget-container\">\n\t\t\t\t\t<h1 class=\"elementor-heading-title elementor-size-default\">Privacy policy<\/h1>\t\t\t\t<\/div>\n\t\t\t\t<\/div>\n\t\t\t\t<div class=\"elementor-element elementor-element-21e9c68 elementor-widget-divider--view-line elementor-widget elementor-widget-divider\" data-id=\"21e9c68\" data-element_type=\"widget\" data-e-type=\"widget\" data-widget_type=\"divider.default\">\n\t\t\t\t<div class=\"elementor-widget-container\">\n\t\t\t\t\t\t\t<div class=\"elementor-divider\">\n\t\t\t<span class=\"elementor-divider-separator\">\n\t\t\t\t\t\t<\/span>\n\t\t<\/div>\n\t\t\t\t\t\t<\/div>\n\t\t\t\t<\/div>\n\t\t\t\t<div class=\"elementor-element elementor-element-77c56c2 elementor-widget elementor-widget-text-editor\" data-id=\"77c56c2\" data-element_type=\"widget\" data-e-type=\"widget\" data-widget_type=\"text-editor.default\">\n\t\t\t\t<div class=\"elementor-widget-container\">\n\t\t\t\t\t\t\t\t\t<p>This website uses cookies and\/or similar technologies, both proprietary and third-party, which store and retrieve information when you browse. In general, these technologies can be used for a wide range of purposes, such as recognising you as a user, obtaining information about your browsing habits, statistical purposes or personalising the way in which content is displayed. These cookies and\/or similar technologies provide the user with a better experience.<\/p><p><br \/>Below you can consult the cookies and\/or similar technologies used on this website and manage them according to your preferences.<\/p><p>\u00a0<\/p><p><strong><u>OWN COOKIES<\/u><\/strong><\/p><p><br \/><strong>Technical or necessary\u00a0 \u00a0 \u00a0 \u00a0 \u00a0 \u00a0 \u00a0 \u00a0 \u00a0 \u00a0 \u00a0 \u00a0 \u00a0 \u00a0 \u00a0 \u00a0 \u00a0 \u00a0 \u00a0 \u00a0 \u00a0 \u00a0 \u00a0 \u00a0 \u00a0 \u00a0 \u00a0 \u00a0 \u00a0 \u00a0 \u00a0 \u00a0 \u00a0 \u00a0 \u00a0 \u00a0 \u00a0 \u00a0 \u00a0 \u00a0 \u00a0 \u00a0<\/strong><br \/>Technical or strictly necessary cookies are those that allow the user to browse through a website and use the different options or services offered therein, such as, for example, controlling traffic and data communication, identifying the session, accessing restricted access areas, remembering the elements that make up an order, carrying out the purchase process of an order, managing payment, control fraud linked to the security of the service, make an application for registration or participation in an event, use security elements during browsing, store content for the broadcasting of videos or sound, enable dynamic content (for example, animation of text or image loading), share content through social networks or personalise the user interface provided that it is the user who chooses the personalisation options that he\/she wishes. The legal basis that legitimises this processing is the execution and maintenance of the service requested by the user. These cookies will remain active for as long as the user remains on the website.<\/p><p>\u00a0<\/p><p><strong>Preference or personalisation\u00a0 \u00a0 \u00a0 \u00a0 \u00a0 \u00a0 \u00a0 \u00a0 \u00a0 \u00a0 \u00a0 \u00a0 \u00a0 \u00a0 \u00a0 \u00a0 \u00a0 \u00a0 \u00a0 \u00a0 \u00a0 \u00a0 \u00a0 \u00a0 \u00a0 \u00a0 \u00a0 \u00a0 \u00a0 \u00a0 \u00a0 \u00a0 \u00a0 \u00a0 \u00a0 \u00a0 \u00a0<\/strong><br \/>Preference or personalisation cookies are those that allow information to be remembered so that the user can access the service with certain characteristics that may differentiate their experience from that of other users, such as, for example, the language, the number of results to be shown when the user performs a search, the appearance or content of the service depending on the type of browser through which the user accesses the service or the region from which they access the service, etc. The duration of these cookies is the time the user remains on the website (session). The information is stored exclusively in the user's browser and is not used for any other reason than to manage the user's preferences. The legal basis that legitimises the processing is the express consent given by the user.<\/p><p>\u00a0<\/p><p><strong><u>THIRD-PARTY COOKIES<\/u><\/strong><\/p><p><br \/><strong>Analysis or measurement\u00a0 \u00a0 \u00a0 \u00a0 \u00a0 \u00a0 \u00a0 \u00a0 \u00a0 \u00a0 \u00a0 \u00a0 \u00a0 \u00a0 \u00a0 \u00a0 \u00a0 \u00a0 \u00a0 \u00a0 \u00a0 \u00a0 \u00a0 \u00a0 \u00a0 \u00a0 \u00a0 \u00a0 \u00a0 \u00a0 \u00a0 \u00a0 \u00a0 \u00a0 \u00a0 \u00a0 \u00a0 \u00a0 \u00a0 \u00a0 \u00a0 \u00a0 \u00a0 \u00a0 \u00a0 \u00a0<\/strong><br \/>Analysis or measurement cookies are those that allow the party responsible for them to monitor and analyse the behaviour of users of the websites to which they are linked, including the quantification of the impact of advertisements. The information collected through this type of cookies is used to measure the activity of the websites, application or platform, in order to introduce improvements based on the analysis of the usage data of the users of the service. The legal basis that legitimises the processing is the express consent given by the user. You can obtain more information about these cookies as well as their conservation period by following the link(s) to \"<em>Further information<\/em>\".<\/p><p><u>More information on third parties<\/u>:<br \/>&#8211;\u00a0\u00a0\u00a0\u00a0\u00a0\u00a0\u00a0<strong>Google Analytics<\/strong>:\u00a0<a href=\"https:\/\/policies.google.com\/technologies\/cookies?hl=es\">How Google uses cookies<\/a>.\u00a0<a href=\"https:\/\/policies.google.com\/technologies\/types?hl=es%20(\">Types of cookies used by Google<\/a>.\u00a0<a href=\"https:\/\/developers.google.com\/analytics\/devguides\/collection\/analyticsjs\/cookie-usage\">Use of Google Analytics cookies on websites<\/a>.<\/p><p>\u00a0<\/p><p><strong>Behavioural advertising\u00a0 \u00a0 \u00a0 \u00a0 \u00a0 \u00a0 \u00a0 \u00a0 \u00a0 \u00a0 \u00a0 \u00a0 \u00a0 \u00a0 \u00a0 \u00a0 \u00a0 \u00a0 \u00a0 \u00a0 \u00a0 \u00a0 \u00a0 \u00a0 \u00a0 \u00a0 \u00a0 \u00a0 \u00a0 \u00a0 \u00a0 \u00a0 \u00a0 \u00a0 \u00a0 \u00a0 \u00a0 \u00a0 \u00a0<\/strong><br \/>Behavioural advertising cookies are those that store information on the behaviour of users obtained through the continuous observation of their browsing habits, which allows a specific profile to be developed in order to display advertising based on the same. The legal basis that legitimates the treatment is the express consent given by the user. You can obtain more information about these cookies as well as their conservation period by following the link(s) to \"<em>Further information<\/em>\".<\/p><p><u>More information on third parties<\/u>:<br \/>&#8211;\u00a0\u00a0\u00a0\u00a0\u00a0\u00a0\u00a0<strong>Google AdSense<\/strong>:\u00a0<a href=\"https:\/\/policies.google.com\/technologies\/cookies?hl=es\">How Google uses cookies<\/a>.\u00a0<a href=\"https:\/\/policies.google.com\/technologies\/types?hl=es%20(\">Types of cookies used by Google<\/a>.\u00a0<a href=\"https:\/\/policies.google.com\/technologies\/ads?hl=es\">Google advertising cookies<\/a>.<\/p><p>\u00a0<\/p><p><strong><u>DISABLING COOKIES<\/u><\/strong><br \/>You can disable cookies through the cookie settings menu on the website. You can also allow or block cookies, as well as delete your browsing data (including cookies) from the browser you use. Follow these links to find out how to disable cookies from your browser:<\/p><p><br \/><a href=\"https:\/\/support.apple.com\/es-es\/guide\/safari\/sfri11471\/mac\"><strong>Safari<\/strong><\/a><br \/><a href=\"https:\/\/support.google.com\/chrome\/answer\/95647?hl=es\"><strong>Chrome<\/strong><\/a><br \/><a href=\"https:\/\/support.microsoft.com\/es-es\/help\/17442\/windows-internet-explorer-delete-manage-cookies\"><strong>Internet Explorer<\/strong><\/a><br \/><a href=\"https:\/\/support.mozilla.org\/es\/kb\/habilitar-y-deshabilitar-cookies-sitios-web-rastrear-preferencias\"><strong>Mozilla Firefox<\/strong><\/a><\/p><p>\u00a0<\/p><p><strong><u>MORE INFORMATION ON THE PROCESSING OF PERSONAL DATA<\/u><\/strong><br \/>You can find more information about the processing of your personal data by accessing our\u00a0<u>Privacy Policy<\/u>.<\/p>\t\t\t\t\t\t\t\t<\/div>\n\t\t\t\t<\/div>\n\t\t\t\t\t<\/div>\n\t\t\t\t<\/div>\n\t\t<div class=\"elementor-element elementor-element-fe4a774 e-flex e-con-boxed parallax_section_no qode_elementor_container_no e-con e-parent\" data-id=\"fe4a774\" data-element_type=\"container\" data-e-type=\"container\">\n\t\t\t\t\t<div class=\"e-con-inner\">\n\t\t\t\t<div class=\"elementor-element elementor-element-4610969 elementor-widget elementor-widget-spacer\" data-id=\"4610969\" data-element_type=\"widget\" data-e-type=\"widget\" data-widget_type=\"spacer.default\">\n\t\t\t\t<div class=\"elementor-widget-container\">\n\t\t\t\t\t\t\t<div class=\"elementor-spacer\">\n\t\t\t<div class=\"elementor-spacer-inner\"><\/div>\n\t\t<\/div>\n\t\t\t\t\t\t<\/div>\n\t\t\t\t<\/div>\n\t\t\t\t\t<\/div>\n\t\t\t\t<\/div>\n\t\t\t\t<\/div>","protected":false},"excerpt":{"rendered":"<p>Privacy policy This website uses cookies and\/or similar technologies, both proprietary and third-party, which store and retrieve information when you browse. In general, these technologies can be used for a wide range of purposes, such as, for example, recognising you as a user, obtaining information about your browsing habits,...<\/p>","protected":false},"author":1,"featured_media":0,"parent":0,"menu_order":0,"comment_status":"closed","ping_status":"closed","template":"full_width.php","meta":{"footnotes":""},"class_list":["post-1352","page","type-page","status-publish","hentry"],"yoast_head":"<!-- This site is optimized with the Yoast SEO plugin v27.5 - https:\/\/yoast.com\/product\/yoast-seo-wordpress\/ -->\n<title>Pol\u00edtica de cookies - Tarraula<\/title>\n<meta name=\"description\" content=\"Lee nuestra Pol\u00edtica de Cookies en Tarraula. Aseguramos una navegaci\u00f3n segura y personalizada en nuestro sitio de dise\u00f1o de interiores.\" \/>\n<meta name=\"robots\" content=\"index, follow, max-snippet:-1, max-image-preview:large, max-video-preview:-1\" \/>\n<link rel=\"canonical\" href=\"https:\/\/tarraula.com\/en\/cookie-policy\/\" \/>\n<meta property=\"og:locale\" content=\"en_GB\" \/>\n<meta property=\"og:type\" content=\"article\" \/>\n<meta property=\"og:title\" content=\"Pol\u00edtica de cookies - Tarraula\" \/>\n<meta property=\"og:description\" content=\"Lee nuestra Pol\u00edtica de Cookies en Tarraula. Aseguramos una navegaci\u00f3n segura y personalizada en nuestro sitio de dise\u00f1o de interiores.\" \/>\n<meta property=\"og:url\" content=\"https:\/\/tarraula.com\/en\/cookie-policy\/\" \/>\n<meta property=\"og:site_name\" content=\"Tarraula\" \/>\n<meta property=\"article:publisher\" content=\"https:\/\/www.facebook.com\/TarraulaDecor\" \/>\n<meta property=\"article:modified_time\" content=\"2024-01-25T08:57:06+00:00\" \/>\n<meta name=\"twitter:card\" content=\"summary_large_image\" \/>\n<meta name=\"twitter:label1\" content=\"Estimated reading time\" \/>\n\t<meta name=\"twitter:data1\" content=\"4 minutes\" \/>\n<script type=\"application\/ld+json\" class=\"yoast-schema-graph\">{\"@context\":\"https:\\\/\\\/schema.org\",\"@graph\":[{\"@type\":\"WebPage\",\"@id\":\"https:\\\/\\\/tarraula.com\\\/en\\\/cookie-policy\\\/\",\"url\":\"https:\\\/\\\/tarraula.com\\\/en\\\/cookie-policy\\\/\",\"name\":\"Pol\u00edtica de cookies - Tarraula\",\"isPartOf\":{\"@id\":\"https:\\\/\\\/tarraula.com\\\/en\\\/#website\"},\"datePublished\":\"2023-10-30T10:08:51+00:00\",\"dateModified\":\"2024-01-25T08:57:06+00:00\",\"description\":\"Lee nuestra Pol\u00edtica de Cookies en Tarraula. Aseguramos una navegaci\u00f3n segura y personalizada en nuestro sitio de dise\u00f1o de interiores.\",\"breadcrumb\":{\"@id\":\"https:\\\/\\\/tarraula.com\\\/en\\\/cookie-policy\\\/#breadcrumb\"},\"inLanguage\":\"en-GB\",\"potentialAction\":[{\"@type\":\"ReadAction\",\"target\":[\"https:\\\/\\\/tarraula.com\\\/en\\\/cookie-policy\\\/\"]}]},{\"@type\":\"BreadcrumbList\",\"@id\":\"https:\\\/\\\/tarraula.com\\\/en\\\/cookie-policy\\\/#breadcrumb\",\"itemListElement\":[{\"@type\":\"ListItem\",\"position\":1,\"name\":\"Portada\",\"item\":\"https:\\\/\\\/tarraula.com\\\/\"},{\"@type\":\"ListItem\",\"position\":2,\"name\":\"Pol\u00edtica de cookies\"}]},{\"@type\":\"WebSite\",\"@id\":\"https:\\\/\\\/tarraula.com\\\/en\\\/#website\",\"url\":\"https:\\\/\\\/tarraula.com\\\/en\\\/\",\"name\":\"Tarraula\",\"description\":\"\",\"publisher\":{\"@id\":\"https:\\\/\\\/tarraula.com\\\/en\\\/#organization\"},\"potentialAction\":[{\"@type\":\"SearchAction\",\"target\":{\"@type\":\"EntryPoint\",\"urlTemplate\":\"https:\\\/\\\/tarraula.com\\\/en\\\/?s={search_term_string}\"},\"query-input\":{\"@type\":\"PropertyValueSpecification\",\"valueRequired\":true,\"valueName\":\"search_term_string\"}}],\"inLanguage\":\"en-GB\"},{\"@type\":\"Organization\",\"@id\":\"https:\\\/\\\/tarraula.com\\\/en\\\/#organization\",\"name\":\"Tarraula\",\"url\":\"https:\\\/\\\/tarraula.com\\\/en\\\/\",\"logo\":{\"@type\":\"ImageObject\",\"inLanguage\":\"en-GB\",\"@id\":\"https:\\\/\\\/tarraula.com\\\/en\\\/#\\\/schema\\\/logo\\\/image\\\/\",\"url\":\"https:\\\/\\\/tarraula.com\\\/wp-content\\\/uploads\\\/2023\\\/10\\\/logo-tarraula-blanco-1.png\",\"contentUrl\":\"https:\\\/\\\/tarraula.com\\\/wp-content\\\/uploads\\\/2023\\\/10\\\/logo-tarraula-blanco-1.png\",\"width\":2718,\"height\":775,\"caption\":\"Tarraula\"},\"image\":{\"@id\":\"https:\\\/\\\/tarraula.com\\\/en\\\/#\\\/schema\\\/logo\\\/image\\\/\"},\"sameAs\":[\"https:\\\/\\\/www.facebook.com\\\/TarraulaDecor\",\"https:\\\/\\\/www.instagram.com\\\/tarraula_studio\\\/\",\"https:\\\/\\\/www.linkedin.com\\\/checkpoint\\\/challenge\\\/AgGxMaAAKmkujAAAAY03DKJGh8YrXQll8-Lkb16Je12NpeZhAhPSR8LCqDDOi4RA5FsqcrQeHSMoaa55kyYqTHn1XkeuoA?ut=2Q3bbLlDJvTr41\"]}]}<\/script>\n<!-- \/ Yoast SEO plugin. -->","yoast_head_json":{"title":"Pol\u00edtica de cookies - Tarraula","description":"Lee nuestra Pol\u00edtica de Cookies en Tarraula. Aseguramos una navegaci\u00f3n segura y personalizada en nuestro sitio de dise\u00f1o de interiores.","robots":{"index":"index","follow":"follow","max-snippet":"max-snippet:-1","max-image-preview":"max-image-preview:large","max-video-preview":"max-video-preview:-1"},"canonical":"https:\/\/tarraula.com\/en\/cookie-policy\/","og_locale":"en_GB","og_type":"article","og_title":"Pol\u00edtica de cookies - Tarraula","og_description":"Lee nuestra Pol\u00edtica de Cookies en Tarraula. Aseguramos una navegaci\u00f3n segura y personalizada en nuestro sitio de dise\u00f1o de interiores.","og_url":"https:\/\/tarraula.com\/en\/cookie-policy\/","og_site_name":"Tarraula","article_publisher":"https:\/\/www.facebook.com\/TarraulaDecor","article_modified_time":"2024-01-25T08:57:06+00:00","twitter_card":"summary_large_image","twitter_misc":{"Estimated reading time":"4 minutes"},"schema":{"@context":"https:\/\/schema.org","@graph":[{"@type":"WebPage","@id":"https:\/\/tarraula.com\/en\/cookie-policy\/","url":"https:\/\/tarraula.com\/en\/cookie-policy\/","name":"Pol\u00edtica de cookies - Tarraula","isPartOf":{"@id":"https:\/\/tarraula.com\/en\/#website"},"datePublished":"2023-10-30T10:08:51+00:00","dateModified":"2024-01-25T08:57:06+00:00","description":"Lee nuestra Pol\u00edtica de Cookies en Tarraula. Aseguramos una navegaci\u00f3n segura y personalizada en nuestro sitio de dise\u00f1o de interiores.","breadcrumb":{"@id":"https:\/\/tarraula.com\/en\/cookie-policy\/#breadcrumb"},"inLanguage":"en-GB","potentialAction":[{"@type":"ReadAction","target":["https:\/\/tarraula.com\/en\/cookie-policy\/"]}]},{"@type":"BreadcrumbList","@id":"https:\/\/tarraula.com\/en\/cookie-policy\/#breadcrumb","itemListElement":[{"@type":"ListItem","position":1,"name":"Portada","item":"https:\/\/tarraula.com\/"},{"@type":"ListItem","position":2,"name":"Pol\u00edtica de cookies"}]},{"@type":"WebSite","@id":"https:\/\/tarraula.com\/en\/#website","url":"https:\/\/tarraula.com\/en\/","name":"Tarraula","description":"","publisher":{"@id":"https:\/\/tarraula.com\/en\/#organization"},"potentialAction":[{"@type":"SearchAction","target":{"@type":"EntryPoint","urlTemplate":"https:\/\/tarraula.com\/en\/?s={search_term_string}"},"query-input":{"@type":"PropertyValueSpecification","valueRequired":true,"valueName":"search_term_string"}}],"inLanguage":"en-GB"},{"@type":"Organization","@id":"https:\/\/tarraula.com\/en\/#organization","name":"Tarraula","url":"https:\/\/tarraula.com\/en\/","logo":{"@type":"ImageObject","inLanguage":"en-GB","@id":"https:\/\/tarraula.com\/en\/#\/schema\/logo\/image\/","url":"https:\/\/tarraula.com\/wp-content\/uploads\/2023\/10\/logo-tarraula-blanco-1.png","contentUrl":"https:\/\/tarraula.com\/wp-content\/uploads\/2023\/10\/logo-tarraula-blanco-1.png","width":2718,"height":775,"caption":"Tarraula"},"image":{"@id":"https:\/\/tarraula.com\/en\/#\/schema\/logo\/image\/"},"sameAs":["https:\/\/www.facebook.com\/TarraulaDecor","https:\/\/www.instagram.com\/tarraula_studio\/","https:\/\/www.linkedin.com\/checkpoint\/challenge\/AgGxMaAAKmkujAAAAY03DKJGh8YrXQll8-Lkb16Je12NpeZhAhPSR8LCqDDOi4RA5FsqcrQeHSMoaa55kyYqTHn1XkeuoA?ut=2Q3bbLlDJvTr41"]}]}},"_links":{"self":[{"href":"https:\/\/tarraula.com\/en\/wp-json\/wp\/v2\/pages\/1352","targetHints":{"allow":["GET"]}}],"collection":[{"href":"https:\/\/tarraula.com\/en\/wp-json\/wp\/v2\/pages"}],"about":[{"href":"https:\/\/tarraula.com\/en\/wp-json\/wp\/v2\/types\/page"}],"author":[{"embeddable":true,"href":"https:\/\/tarraula.com\/en\/wp-json\/wp\/v2\/users\/1"}],"replies":[{"embeddable":true,"href":"https:\/\/tarraula.com\/en\/wp-json\/wp\/v2\/comments?post=1352"}],"version-history":[{"count":5,"href":"https:\/\/tarraula.com\/en\/wp-json\/wp\/v2\/pages\/1352\/revisions"}],"predecessor-version":[{"id":2200,"href":"https:\/\/tarraula.com\/en\/wp-json\/wp\/v2\/pages\/1352\/revisions\/2200"}],"wp:attachment":[{"href":"https:\/\/tarraula.com\/en\/wp-json\/wp\/v2\/media?parent=1352"}],"curies":[{"name":"wp","href":"https:\/\/api.w.org\/{rel}","templated":true}]}}