{"id":1344,"date":"2023-10-30T10:03:20","date_gmt":"2023-10-30T10:03:20","guid":{"rendered":"https:\/\/tarraula.com\/?page_id=1344"},"modified":"2024-01-25T08:57:48","modified_gmt":"2024-01-25T08:57:48","slug":"politica-privacidad","status":"publish","type":"page","link":"https:\/\/tarraula.com\/en\/privacy-policy\/","title":{"rendered":"Privacy policy"},"content":{"rendered":"<div data-elementor-type=\"wp-page\" data-elementor-id=\"1344\" class=\"elementor elementor-1344\" data-elementor-post-type=\"page\">\n\t\t\t\t<div class=\"elementor-element elementor-element-cf52d87 e-con-full e-flex parallax_section_no qode_elementor_container_no e-con e-parent\" data-id=\"cf52d87\" data-element_type=\"container\" data-e-type=\"container\" data-settings=\"{&quot;background_background&quot;:&quot;classic&quot;}\">\n\t\t\t\t<\/div>\n\t\t<div class=\"elementor-element elementor-element-d154731 e-flex e-con-boxed parallax_section_no qode_elementor_container_no e-con e-parent\" data-id=\"d154731\" data-element_type=\"container\" data-e-type=\"container\">\n\t\t\t\t\t<div class=\"e-con-inner\">\n\t\t\t\t<div class=\"elementor-element elementor-element-9e2c950 elementor-widget elementor-widget-spacer\" data-id=\"9e2c950\" data-element_type=\"widget\" data-e-type=\"widget\" data-widget_type=\"spacer.default\">\n\t\t\t\t<div class=\"elementor-widget-container\">\n\t\t\t\t\t\t\t<div class=\"elementor-spacer\">\n\t\t\t<div class=\"elementor-spacer-inner\"><\/div>\n\t\t<\/div>\n\t\t\t\t\t\t<\/div>\n\t\t\t\t<\/div>\n\t\t\t\t\t<\/div>\n\t\t\t\t<\/div>\n\t\t<div class=\"elementor-element elementor-element-697c6a4 e-flex e-con-boxed parallax_section_no qode_elementor_container_no e-con e-parent\" data-id=\"697c6a4\" data-element_type=\"container\" data-e-type=\"container\">\n\t\t\t\t\t<div class=\"e-con-inner\">\n\t\t\t\t<div class=\"elementor-element elementor-element-5f33345 elementor-widget elementor-widget-heading\" data-id=\"5f33345\" data-element_type=\"widget\" data-e-type=\"widget\" data-widget_type=\"heading.default\">\n\t\t\t\t<div class=\"elementor-widget-container\">\n\t\t\t\t\t<h1 class=\"elementor-heading-title elementor-size-default\">Privacy policy<\/h1>\t\t\t\t<\/div>\n\t\t\t\t<\/div>\n\t\t\t\t<div class=\"elementor-element elementor-element-21e9c68 elementor-widget-divider--view-line elementor-widget elementor-widget-divider\" data-id=\"21e9c68\" data-element_type=\"widget\" data-e-type=\"widget\" data-widget_type=\"divider.default\">\n\t\t\t\t<div class=\"elementor-widget-container\">\n\t\t\t\t\t\t\t<div class=\"elementor-divider\">\n\t\t\t<span class=\"elementor-divider-separator\">\n\t\t\t\t\t\t<\/span>\n\t\t<\/div>\n\t\t\t\t\t\t<\/div>\n\t\t\t\t<\/div>\n\t\t\t\t<div class=\"elementor-element elementor-element-77c56c2 elementor-widget elementor-widget-text-editor\" data-id=\"77c56c2\" data-element_type=\"widget\" data-e-type=\"widget\" data-widget_type=\"text-editor.default\">\n\t\t\t\t<div class=\"elementor-widget-container\">\n\t\t\t\t\t\t\t\t\t<p>In accordance with the principles of legality, fairness and transparency, we are making available to you this\u00a0<strong>Privacy Policy:<\/strong><\/p><p><strong>Who is the Data Controller of your data?<\/strong><br \/>TARRAULA S.L.<br \/>VAT NO: B03137809<br \/>Registered office: Carretera del cap de la nau pla 42, 03730 - J\u00e1vea (Alicante)<br \/>Email:\u00a0<a href=\"mailto:info@tarraula.com\">info@tarraula.com<\/a><br \/>Telephone: +34 965790072<\/p><p><strong>For what purposes do we process your personal data?<\/strong><br \/>At TARRAULA S.L. we process the information you provide in order to manage the contractual relationship that binds us, manage the delivery of the information you request, provide interested parties with offers of our services and\/or products of interest to them.<\/p><p><strong>How long will we keep your personal data?<\/strong><br \/>Your data will be kept for the minimum time necessary for the correct provision of the service offered as well as to meet the responsibilities that may arise from the same and any other legal requirement.<\/p><p><strong>What is the legitimacy for the processing of your data?<\/strong><br \/>The legal basis for processing your personal data may be the performance of a potential and\/or subscribed contractual relationship, legitimate interest, legal authorisation and\/or the consent of the data subject. The data we request from you are adequate, relevant and strictly necessary and you are under no obligation to provide them, but failure to provide them may affect the purpose of the service or the impossibility of providing it.<\/p><p><strong>To which recipients will your data be communicated?<\/strong><br \/>TARRAULA S.L. will not disclose your data to any third party unless expressly informed of this.<\/p><p><strong>What are your rights when you provide us with your data?<\/strong><br \/>The data protection rights held by data subjects are:<\/p><ul><li>Right to request access to personal data relating to the data subject<\/li><li>Right of rectification or erasure<\/li><li>Right to object<\/li><li>Right to request the restriction of processing<\/li><li>Right to data portability<\/li><\/ul><p>The owners of the personal data obtained may exercise their personal data protection rights by sending a written communication to the registered office of TARRAULA S.L. or to the e-mail address provided for this purpose,\u00a0<a href=\"mailto:info@tarraula.com<\">info@tarraula.com<\/a>including, in both cases, a photocopy of your ID card or other equivalent identification document. Models, forms and further information about your rights are available on the website of the national supervisory authority, Agencia Espa\u00f1ola de Protecci\u00f3n de Datos, hereinafter, AEPD,\u00a0<a href=\"http:\/\/www.agpd.es\/\">www.aepd.es<\/a>\u00a0\u00a0\u00a0\u00a0\u00a0\u00a0\u00a0\u00a0<\/p><p><strong>Can I withdraw consent?<\/strong><br \/>You have the possibility and the right to withdraw your consent for any specific purpose granted at the time, without affecting the lawfulness of the processing based on the consent prior to its withdrawal.<\/p><p><strong>Where can I complain if I feel that my data is not being handled correctly?<\/strong><br \/>If any interested party considers that their data is not being treated correctly by TARRAULA S.L., they can send their complaints to the following e-mail address\u00a0<a href=\"mailto:info@tarraula.com\">info@tarraula.com<\/a>\u00a0or to the corresponding data protection authority, the AEPD being the one indicated in the national territory,\u00a0<a href=\"http:\/\/www.agpd.es\/\">www.aepd.es<\/a><br \/><strong>Security and updating of your personal data<\/strong><br \/>In order to safeguard the security of your personal data, we inform you that TARRAULA S.L. has adopted all the technical and organisational measures necessary to ensure the security of the personal data provided. All this to prevent alteration, loss, and\/or unauthorised processing or access, as required by law, although absolute security does not exist.<br \/>In order for us to keep your personal data up to date, it is important that you inform us whenever there is a change in your personal data.<\/p><p align=\"center\"><strong>Confidentiality<\/strong><br \/>TARRAULA S.L. informs you that your data will be treated with the utmost care and confidentiality by all staff involved in any stage of processing. We will not transfer or communicate your data to any third party, except in the cases provided for by law, or unless the interested party has expressly authorised us to do so.<\/p>\t\t\t\t\t\t\t\t<\/div>\n\t\t\t\t<\/div>\n\t\t\t\t\t<\/div>\n\t\t\t\t<\/div>\n\t\t<div class=\"elementor-element elementor-element-fe4a774 e-flex e-con-boxed parallax_section_no qode_elementor_container_no e-con e-parent\" data-id=\"fe4a774\" data-element_type=\"container\" data-e-type=\"container\">\n\t\t\t\t\t<div class=\"e-con-inner\">\n\t\t\t\t<div class=\"elementor-element elementor-element-4610969 elementor-widget elementor-widget-spacer\" data-id=\"4610969\" data-element_type=\"widget\" data-e-type=\"widget\" data-widget_type=\"spacer.default\">\n\t\t\t\t<div class=\"elementor-widget-container\">\n\t\t\t\t\t\t\t<div class=\"elementor-spacer\">\n\t\t\t<div class=\"elementor-spacer-inner\"><\/div>\n\t\t<\/div>\n\t\t\t\t\t\t<\/div>\n\t\t\t\t<\/div>\n\t\t\t\t\t<\/div>\n\t\t\t\t<\/div>\n\t\t\t\t<\/div>","protected":false},"excerpt":{"rendered":"<p>Privacy Policy Following the principles of legality, loyalty and transparency, we provide you with this Privacy Policy: Who is responsible for the processing of your data? TARRAULA S.L. CIF: B03137809 COMPANY ADDRESS: Carretera del cap de la nau pla 42, 03730 - J\u00e1vea...<\/p>","protected":false},"author":1,"featured_media":0,"parent":0,"menu_order":0,"comment_status":"closed","ping_status":"closed","template":"full_width.php","meta":{"footnotes":""},"class_list":["post-1344","page","type-page","status-publish","hentry"],"yoast_head":"<!-- This site is optimized with the Yoast SEO plugin v27.5 - https:\/\/yoast.com\/product\/yoast-seo-wordpress\/ -->\n<title>Pol\u00edtica de privacidad - Tarraula<\/title>\n<meta name=\"description\" content=\"Consulta nuestra Pol\u00edtica de Privacidad. En Tarraula, protegemos tus datos con seriedad y transparencia en cada paso de dise\u00f1o de interiores.\" \/>\n<meta name=\"robots\" content=\"index, follow, max-snippet:-1, max-image-preview:large, max-video-preview:-1\" \/>\n<link rel=\"canonical\" href=\"https:\/\/tarraula.com\/en\/privacy-policy\/\" \/>\n<meta property=\"og:locale\" content=\"en_GB\" \/>\n<meta property=\"og:type\" content=\"article\" \/>\n<meta property=\"og:title\" content=\"Pol\u00edtica de privacidad - Tarraula\" \/>\n<meta property=\"og:description\" content=\"Consulta nuestra Pol\u00edtica de Privacidad. En Tarraula, protegemos tus datos con seriedad y transparencia en cada paso de dise\u00f1o de interiores.\" \/>\n<meta property=\"og:url\" content=\"https:\/\/tarraula.com\/en\/privacy-policy\/\" \/>\n<meta property=\"og:site_name\" content=\"Tarraula\" \/>\n<meta property=\"article:publisher\" content=\"https:\/\/www.facebook.com\/TarraulaDecor\" \/>\n<meta property=\"article:modified_time\" content=\"2024-01-25T08:57:48+00:00\" \/>\n<meta name=\"twitter:card\" content=\"summary_large_image\" \/>\n<meta name=\"twitter:label1\" content=\"Estimated reading time\" \/>\n\t<meta name=\"twitter:data1\" content=\"3 minutes\" \/>\n<script type=\"application\/ld+json\" class=\"yoast-schema-graph\">{\"@context\":\"https:\\\/\\\/schema.org\",\"@graph\":[{\"@type\":\"WebPage\",\"@id\":\"https:\\\/\\\/tarraula.com\\\/en\\\/privacy-policy\\\/\",\"url\":\"https:\\\/\\\/tarraula.com\\\/en\\\/privacy-policy\\\/\",\"name\":\"Pol\u00edtica de privacidad - Tarraula\",\"isPartOf\":{\"@id\":\"https:\\\/\\\/tarraula.com\\\/en\\\/#website\"},\"datePublished\":\"2023-10-30T10:03:20+00:00\",\"dateModified\":\"2024-01-25T08:57:48+00:00\",\"description\":\"Consulta nuestra Pol\u00edtica de Privacidad. En Tarraula, protegemos tus datos con seriedad y transparencia en cada paso de dise\u00f1o de interiores.\",\"breadcrumb\":{\"@id\":\"https:\\\/\\\/tarraula.com\\\/en\\\/privacy-policy\\\/#breadcrumb\"},\"inLanguage\":\"en-GB\",\"potentialAction\":[{\"@type\":\"ReadAction\",\"target\":[\"https:\\\/\\\/tarraula.com\\\/en\\\/privacy-policy\\\/\"]}]},{\"@type\":\"BreadcrumbList\",\"@id\":\"https:\\\/\\\/tarraula.com\\\/en\\\/privacy-policy\\\/#breadcrumb\",\"itemListElement\":[{\"@type\":\"ListItem\",\"position\":1,\"name\":\"Portada\",\"item\":\"https:\\\/\\\/tarraula.com\\\/\"},{\"@type\":\"ListItem\",\"position\":2,\"name\":\"Pol\u00edtica de privacidad\"}]},{\"@type\":\"WebSite\",\"@id\":\"https:\\\/\\\/tarraula.com\\\/en\\\/#website\",\"url\":\"https:\\\/\\\/tarraula.com\\\/en\\\/\",\"name\":\"Tarraula\",\"description\":\"\",\"publisher\":{\"@id\":\"https:\\\/\\\/tarraula.com\\\/en\\\/#organization\"},\"potentialAction\":[{\"@type\":\"SearchAction\",\"target\":{\"@type\":\"EntryPoint\",\"urlTemplate\":\"https:\\\/\\\/tarraula.com\\\/en\\\/?s={search_term_string}\"},\"query-input\":{\"@type\":\"PropertyValueSpecification\",\"valueRequired\":true,\"valueName\":\"search_term_string\"}}],\"inLanguage\":\"en-GB\"},{\"@type\":\"Organization\",\"@id\":\"https:\\\/\\\/tarraula.com\\\/en\\\/#organization\",\"name\":\"Tarraula\",\"url\":\"https:\\\/\\\/tarraula.com\\\/en\\\/\",\"logo\":{\"@type\":\"ImageObject\",\"inLanguage\":\"en-GB\",\"@id\":\"https:\\\/\\\/tarraula.com\\\/en\\\/#\\\/schema\\\/logo\\\/image\\\/\",\"url\":\"https:\\\/\\\/tarraula.com\\\/wp-content\\\/uploads\\\/2023\\\/10\\\/logo-tarraula-blanco-1.png\",\"contentUrl\":\"https:\\\/\\\/tarraula.com\\\/wp-content\\\/uploads\\\/2023\\\/10\\\/logo-tarraula-blanco-1.png\",\"width\":2718,\"height\":775,\"caption\":\"Tarraula\"},\"image\":{\"@id\":\"https:\\\/\\\/tarraula.com\\\/en\\\/#\\\/schema\\\/logo\\\/image\\\/\"},\"sameAs\":[\"https:\\\/\\\/www.facebook.com\\\/TarraulaDecor\",\"https:\\\/\\\/www.instagram.com\\\/tarraula_studio\\\/\",\"https:\\\/\\\/www.linkedin.com\\\/checkpoint\\\/challenge\\\/AgGxMaAAKmkujAAAAY03DKJGh8YrXQll8-Lkb16Je12NpeZhAhPSR8LCqDDOi4RA5FsqcrQeHSMoaa55kyYqTHn1XkeuoA?ut=2Q3bbLlDJvTr41\"]}]}<\/script>\n<!-- \/ Yoast SEO plugin. -->","yoast_head_json":{"title":"Pol\u00edtica de privacidad - Tarraula","description":"Consulta nuestra Pol\u00edtica de Privacidad. En Tarraula, protegemos tus datos con seriedad y transparencia en cada paso de dise\u00f1o de interiores.","robots":{"index":"index","follow":"follow","max-snippet":"max-snippet:-1","max-image-preview":"max-image-preview:large","max-video-preview":"max-video-preview:-1"},"canonical":"https:\/\/tarraula.com\/en\/privacy-policy\/","og_locale":"en_GB","og_type":"article","og_title":"Pol\u00edtica de privacidad - Tarraula","og_description":"Consulta nuestra Pol\u00edtica de Privacidad. En Tarraula, protegemos tus datos con seriedad y transparencia en cada paso de dise\u00f1o de interiores.","og_url":"https:\/\/tarraula.com\/en\/privacy-policy\/","og_site_name":"Tarraula","article_publisher":"https:\/\/www.facebook.com\/TarraulaDecor","article_modified_time":"2024-01-25T08:57:48+00:00","twitter_card":"summary_large_image","twitter_misc":{"Estimated reading time":"3 minutes"},"schema":{"@context":"https:\/\/schema.org","@graph":[{"@type":"WebPage","@id":"https:\/\/tarraula.com\/en\/privacy-policy\/","url":"https:\/\/tarraula.com\/en\/privacy-policy\/","name":"Pol\u00edtica de privacidad - Tarraula","isPartOf":{"@id":"https:\/\/tarraula.com\/en\/#website"},"datePublished":"2023-10-30T10:03:20+00:00","dateModified":"2024-01-25T08:57:48+00:00","description":"Consulta nuestra Pol\u00edtica de Privacidad. En Tarraula, protegemos tus datos con seriedad y transparencia en cada paso de dise\u00f1o de interiores.","breadcrumb":{"@id":"https:\/\/tarraula.com\/en\/privacy-policy\/#breadcrumb"},"inLanguage":"en-GB","potentialAction":[{"@type":"ReadAction","target":["https:\/\/tarraula.com\/en\/privacy-policy\/"]}]},{"@type":"BreadcrumbList","@id":"https:\/\/tarraula.com\/en\/privacy-policy\/#breadcrumb","itemListElement":[{"@type":"ListItem","position":1,"name":"Portada","item":"https:\/\/tarraula.com\/"},{"@type":"ListItem","position":2,"name":"Pol\u00edtica de privacidad"}]},{"@type":"WebSite","@id":"https:\/\/tarraula.com\/en\/#website","url":"https:\/\/tarraula.com\/en\/","name":"Tarraula","description":"","publisher":{"@id":"https:\/\/tarraula.com\/en\/#organization"},"potentialAction":[{"@type":"SearchAction","target":{"@type":"EntryPoint","urlTemplate":"https:\/\/tarraula.com\/en\/?s={search_term_string}"},"query-input":{"@type":"PropertyValueSpecification","valueRequired":true,"valueName":"search_term_string"}}],"inLanguage":"en-GB"},{"@type":"Organization","@id":"https:\/\/tarraula.com\/en\/#organization","name":"Tarraula","url":"https:\/\/tarraula.com\/en\/","logo":{"@type":"ImageObject","inLanguage":"en-GB","@id":"https:\/\/tarraula.com\/en\/#\/schema\/logo\/image\/","url":"https:\/\/tarraula.com\/wp-content\/uploads\/2023\/10\/logo-tarraula-blanco-1.png","contentUrl":"https:\/\/tarraula.com\/wp-content\/uploads\/2023\/10\/logo-tarraula-blanco-1.png","width":2718,"height":775,"caption":"Tarraula"},"image":{"@id":"https:\/\/tarraula.com\/en\/#\/schema\/logo\/image\/"},"sameAs":["https:\/\/www.facebook.com\/TarraulaDecor","https:\/\/www.instagram.com\/tarraula_studio\/","https:\/\/www.linkedin.com\/checkpoint\/challenge\/AgGxMaAAKmkujAAAAY03DKJGh8YrXQll8-Lkb16Je12NpeZhAhPSR8LCqDDOi4RA5FsqcrQeHSMoaa55kyYqTHn1XkeuoA?ut=2Q3bbLlDJvTr41"]}]}},"_links":{"self":[{"href":"https:\/\/tarraula.com\/en\/wp-json\/wp\/v2\/pages\/1344","targetHints":{"allow":["GET"]}}],"collection":[{"href":"https:\/\/tarraula.com\/en\/wp-json\/wp\/v2\/pages"}],"about":[{"href":"https:\/\/tarraula.com\/en\/wp-json\/wp\/v2\/types\/page"}],"author":[{"embeddable":true,"href":"https:\/\/tarraula.com\/en\/wp-json\/wp\/v2\/users\/1"}],"replies":[{"embeddable":true,"href":"https:\/\/tarraula.com\/en\/wp-json\/wp\/v2\/comments?post=1344"}],"version-history":[{"count":8,"href":"https:\/\/tarraula.com\/en\/wp-json\/wp\/v2\/pages\/1344\/revisions"}],"predecessor-version":[{"id":2201,"href":"https:\/\/tarraula.com\/en\/wp-json\/wp\/v2\/pages\/1344\/revisions\/2201"}],"wp:attachment":[{"href":"https:\/\/tarraula.com\/en\/wp-json\/wp\/v2\/media?parent=1344"}],"curies":[{"name":"wp","href":"https:\/\/api.w.org\/{rel}","templated":true}]}}