{"id":1286,"date":"2023-10-26T15:08:07","date_gmt":"2023-10-26T15:08:07","guid":{"rendered":"https:\/\/tarraula.com\/?page_id=1286"},"modified":"2025-05-08T08:57:07","modified_gmt":"2025-05-08T08:57:07","slug":"nuestra-empresa","status":"publish","type":"page","link":"https:\/\/tarraula.com\/en\/our-company\/","title":{"rendered":"Our company"},"content":{"rendered":"<div data-elementor-type=\"wp-page\" data-elementor-id=\"1286\" class=\"elementor elementor-1286\" data-elementor-post-type=\"page\">\n\t\t\t\t<div class=\"elementor-element elementor-element-cf52d87 e-con-full e-flex parallax_section_no qode_elementor_container_no e-con e-parent\" data-id=\"cf52d87\" data-element_type=\"container\" data-e-type=\"container\" data-settings=\"{&quot;background_background&quot;:&quot;classic&quot;}\">\n\t\t\t\t<\/div>\n\t\t<div class=\"elementor-element elementor-element-d154731 e-flex e-con-boxed parallax_section_no qode_elementor_container_no e-con e-parent\" data-id=\"d154731\" data-element_type=\"container\" data-e-type=\"container\">\n\t\t\t\t\t<div class=\"e-con-inner\">\n\t\t\t\t<div class=\"elementor-element elementor-element-9e2c950 elementor-widget elementor-widget-spacer\" data-id=\"9e2c950\" data-element_type=\"widget\" data-e-type=\"widget\" data-widget_type=\"spacer.default\">\n\t\t\t\t<div class=\"elementor-widget-container\">\n\t\t\t\t\t\t\t<div class=\"elementor-spacer\">\n\t\t\t<div class=\"elementor-spacer-inner\"><\/div>\n\t\t<\/div>\n\t\t\t\t\t\t<\/div>\n\t\t\t\t<\/div>\n\t\t\t\t\t<\/div>\n\t\t\t\t<\/div>\n\t\t<div class=\"elementor-element elementor-element-697c6a4 e-con-full e-flex parallax_section_no qode_elementor_container_no e-con e-parent\" data-id=\"697c6a4\" data-element_type=\"container\" data-e-type=\"container\">\n\t\t\t\t<div class=\"elementor-element elementor-element-5f33345 elementor-widget elementor-widget-heading\" data-id=\"5f33345\" data-element_type=\"widget\" data-e-type=\"widget\" data-widget_type=\"heading.default\">\n\t\t\t\t<div class=\"elementor-widget-container\">\n\t\t\t\t\t<h1 class=\"elementor-heading-title elementor-size-default\">Our company<\/h1>\t\t\t\t<\/div>\n\t\t\t\t<\/div>\n\t\t\t\t<div class=\"elementor-element elementor-element-21e9c68 elementor-widget-divider--view-line elementor-widget elementor-widget-divider\" data-id=\"21e9c68\" data-element_type=\"widget\" data-e-type=\"widget\" data-widget_type=\"divider.default\">\n\t\t\t\t<div class=\"elementor-widget-container\">\n\t\t\t\t\t\t\t<div class=\"elementor-divider\">\n\t\t\t<span class=\"elementor-divider-separator\">\n\t\t\t\t\t\t<\/span>\n\t\t<\/div>\n\t\t\t\t\t\t<\/div>\n\t\t\t\t<\/div>\n\t\t\t\t<div class=\"elementor-element elementor-element-2e6a801 elementor-widget elementor-widget-heading\" data-id=\"2e6a801\" data-element_type=\"widget\" data-e-type=\"widget\" data-widget_type=\"heading.default\">\n\t\t\t\t<div class=\"elementor-widget-container\">\n\t\t\t\t\t<p class=\"elementor-heading-title elementor-size-default\"><strong>Tarraula<\/strong> is a family-owned company, <strong>founded in 1967<\/strong>which has always been related to the world of furniture and decoration.<\/p>\t\t\t\t<\/div>\n\t\t\t\t<\/div>\n\t\t\t\t<div class=\"elementor-element elementor-element-c10fd0f elementor-widget elementor-widget-heading\" data-id=\"c10fd0f\" data-element_type=\"widget\" data-e-type=\"widget\" data-widget_type=\"heading.default\">\n\t\t\t\t<div class=\"elementor-widget-container\">\n\t\t\t\t\t<p class=\"elementor-heading-title elementor-size-default\">Year after year, we have been <strong>improving and innovating in order to offer the best of us<\/strong> in each project.<\/p>\t\t\t\t<\/div>\n\t\t\t\t<\/div>\n\t\t\t\t<div class=\"elementor-element elementor-element-a3cfa96 elementor-widget elementor-widget-spacer\" data-id=\"a3cfa96\" data-element_type=\"widget\" data-e-type=\"widget\" data-widget_type=\"spacer.default\">\n\t\t\t\t<div class=\"elementor-widget-container\">\n\t\t\t\t\t\t\t<div class=\"elementor-spacer\">\n\t\t\t<div class=\"elementor-spacer-inner\"><\/div>\n\t\t<\/div>\n\t\t\t\t\t\t<\/div>\n\t\t\t\t<\/div>\n\t\t\t\t<div class=\"elementor-element elementor-element-df7ffb6 elementor-widget elementor-widget-heading\" data-id=\"df7ffb6\" data-element_type=\"widget\" data-e-type=\"widget\" data-widget_type=\"heading.default\">\n\t\t\t\t<div class=\"elementor-widget-container\">\n\t\t\t\t\t<p class=\"elementor-heading-title elementor-size-default\">The current <strong>interior design studio<\/strong> was born in 2005.<\/p>\t\t\t\t<\/div>\n\t\t\t\t<\/div>\n\t\t\t\t<div class=\"elementor-element elementor-element-86409a2 elementor-widget elementor-widget-heading\" data-id=\"86409a2\" data-element_type=\"widget\" data-e-type=\"widget\" data-widget_type=\"heading.default\">\n\t\t\t\t<div class=\"elementor-widget-container\">\n\t\t\t\t\t<p class=\"elementor-heading-title elementor-size-default\">In it you will find <strong>750 m2 of exhibition space<\/strong> and our offices where we will be happy to assist and advise you.<\/p>\t\t\t\t<\/div>\n\t\t\t\t<\/div>\n\t\t\t\t<div class=\"elementor-element elementor-element-ba24719 elementor-widget elementor-widget-spacer\" data-id=\"ba24719\" data-element_type=\"widget\" data-e-type=\"widget\" data-widget_type=\"spacer.default\">\n\t\t\t\t<div class=\"elementor-widget-container\">\n\t\t\t\t\t\t\t<div class=\"elementor-spacer\">\n\t\t\t<div class=\"elementor-spacer-inner\"><\/div>\n\t\t<\/div>\n\t\t\t\t\t\t<\/div>\n\t\t\t\t<\/div>\n\t\t\t\t<div class=\"elementor-element elementor-element-f39fac7 elementor-widget elementor-widget-heading\" data-id=\"f39fac7\" data-element_type=\"widget\" data-e-type=\"widget\" data-widget_type=\"heading.default\">\n\t\t\t\t<div class=\"elementor-widget-container\">\n\t\t\t\t\t<p class=\"elementor-heading-title elementor-size-default\"><strong>Our team<\/strong> is characterised by the way it treats <strong>professional and close<\/strong>as one of our objectives is to ensure that<\/p>\t\t\t\t<\/div>\n\t\t\t\t<\/div>\n\t\t\t\t<div class=\"elementor-element elementor-element-79484da elementor-widget elementor-widget-heading\" data-id=\"79484da\" data-element_type=\"widget\" data-e-type=\"widget\" data-widget_type=\"heading.default\">\n\t\t\t\t<div class=\"elementor-widget-container\">\n\t\t\t\t\t<p class=\"elementor-heading-title elementor-size-default\">the experience during the whole decoration process is pleasant and enjoyable from the very beginning.<\/p>\t\t\t\t<\/div>\n\t\t\t\t<\/div>\n\t\t\t\t<div class=\"elementor-element elementor-element-64adfcb elementor-widget elementor-widget-spacer\" data-id=\"64adfcb\" data-element_type=\"widget\" data-e-type=\"widget\" data-widget_type=\"spacer.default\">\n\t\t\t\t<div class=\"elementor-widget-container\">\n\t\t\t\t\t\t\t<div class=\"elementor-spacer\">\n\t\t\t<div class=\"elementor-spacer-inner\"><\/div>\n\t\t<\/div>\n\t\t\t\t\t\t<\/div>\n\t\t\t\t<\/div>\n\t\t\t\t<\/div>\n\t\t<div class=\"elementor-element elementor-element-e7ceb4a e-flex e-con-boxed parallax_section_no qode_elementor_container_no e-con e-parent\" data-id=\"e7ceb4a\" data-element_type=\"container\" data-e-type=\"container\">\n\t\t\t\t\t<div class=\"e-con-inner\">\n\t\t<div class=\"elementor-element elementor-element-24ee89d e-con-full e-flex parallax_section_no qode_elementor_container_no e-con e-child\" data-id=\"24ee89d\" data-element_type=\"container\" data-e-type=\"container\">\n\t\t\t\t<div class=\"elementor-element elementor-element-6058a3a elementor-widget elementor-widget-image\" data-id=\"6058a3a\" data-element_type=\"widget\" data-e-type=\"widget\" data-widget_type=\"image.default\">\n\t\t\t\t<div class=\"elementor-widget-container\">\n\t\t\t\t\t\t\t\t\t\t\t\t\t\t\t<img fetchpriority=\"high\" decoding=\"async\" width=\"1024\" height=\"683\" src=\"https:\/\/tarraula.com\/wp-content\/uploads\/2023\/10\/nuestra-empresa2-tarraula-estudio-interismo-javea-1024x683.jpg\" class=\"attachment-large size-large wp-image-1296\" alt=\"our company. interior design studio javea\" srcset=\"https:\/\/tarraula.com\/wp-content\/uploads\/2023\/10\/nuestra-empresa2-tarraula-estudio-interismo-javea-1024x683.jpg 1024w, https:\/\/tarraula.com\/wp-content\/uploads\/2023\/10\/nuestra-empresa2-tarraula-estudio-interismo-javea-300x200.jpg 300w, https:\/\/tarraula.com\/wp-content\/uploads\/2023\/10\/nuestra-empresa2-tarraula-estudio-interismo-javea-768x512.jpg 768w, https:\/\/tarraula.com\/wp-content\/uploads\/2023\/10\/nuestra-empresa2-tarraula-estudio-interismo-javea-700x467.jpg 700w, https:\/\/tarraula.com\/wp-content\/uploads\/2023\/10\/nuestra-empresa2-tarraula-estudio-interismo-javea.jpg 1086w\" sizes=\"(max-width: 1024px) 100vw, 1024px\" \/>\t\t\t\t\t\t\t\t\t\t\t\t\t\t\t<\/div>\n\t\t\t\t<\/div>\n\t\t<div class=\"elementor-element elementor-element-e211388 e-con-full e-flex parallax_section_no qode_elementor_container_no e-con e-child\" data-id=\"e211388\" data-element_type=\"container\" data-e-type=\"container\">\n\t\t\t\t<div class=\"elementor-element elementor-element-53eed6f elementor-widget elementor-widget-image\" data-id=\"53eed6f\" data-element_type=\"widget\" data-e-type=\"widget\" data-widget_type=\"image.default\">\n\t\t\t\t<div class=\"elementor-widget-container\">\n\t\t\t\t\t\t\t\t\t\t\t\t\t\t\t<img decoding=\"async\" width=\"1024\" height=\"683\" src=\"https:\/\/tarraula.com\/wp-content\/uploads\/2023\/10\/nuestra-empresa4-tarraula-estudio-interismo-javea-1024x683.jpg\" class=\"attachment-large size-large wp-image-1294\" alt=\"our company. interior design studio javea\" srcset=\"https:\/\/tarraula.com\/wp-content\/uploads\/2023\/10\/nuestra-empresa4-tarraula-estudio-interismo-javea-1024x683.jpg 1024w, https:\/\/tarraula.com\/wp-content\/uploads\/2023\/10\/nuestra-empresa4-tarraula-estudio-interismo-javea-300x200.jpg 300w, https:\/\/tarraula.com\/wp-content\/uploads\/2023\/10\/nuestra-empresa4-tarraula-estudio-interismo-javea-768x512.jpg 768w, https:\/\/tarraula.com\/wp-content\/uploads\/2023\/10\/nuestra-empresa4-tarraula-estudio-interismo-javea-700x467.jpg 700w, https:\/\/tarraula.com\/wp-content\/uploads\/2023\/10\/nuestra-empresa4-tarraula-estudio-interismo-javea.jpg 1086w\" sizes=\"(max-width: 1024px) 100vw, 1024px\" \/>\t\t\t\t\t\t\t\t\t\t\t\t\t\t\t<\/div>\n\t\t\t\t<\/div>\n\t\t\t\t<\/div>\n\t\t\t\t<\/div>\n\t\t<div class=\"elementor-element elementor-element-81d8788 e-con-full e-flex parallax_section_no qode_elementor_container_no e-con e-child\" data-id=\"81d8788\" data-element_type=\"container\" data-e-type=\"container\">\n\t\t\t\t<div class=\"elementor-element elementor-element-edfac2c elementor-widget elementor-widget-image\" data-id=\"edfac2c\" data-element_type=\"widget\" data-e-type=\"widget\" data-widget_type=\"image.default\">\n\t\t\t\t<div class=\"elementor-widget-container\">\n\t\t\t\t\t\t\t\t\t\t\t\t\t\t\t<img decoding=\"async\" width=\"1024\" height=\"683\" src=\"https:\/\/tarraula.com\/wp-content\/uploads\/2023\/10\/nuestra-empresa1-tarraula-estudio-interismo-javea-1024x683.jpg\" class=\"attachment-large size-large wp-image-1295\" alt=\"our company. interior design studio javea\" srcset=\"https:\/\/tarraula.com\/wp-content\/uploads\/2023\/10\/nuestra-empresa1-tarraula-estudio-interismo-javea-1024x683.jpg 1024w, https:\/\/tarraula.com\/wp-content\/uploads\/2023\/10\/nuestra-empresa1-tarraula-estudio-interismo-javea-300x200.jpg 300w, https:\/\/tarraula.com\/wp-content\/uploads\/2023\/10\/nuestra-empresa1-tarraula-estudio-interismo-javea-768x512.jpg 768w, https:\/\/tarraula.com\/wp-content\/uploads\/2023\/10\/nuestra-empresa1-tarraula-estudio-interismo-javea-700x467.jpg 700w, https:\/\/tarraula.com\/wp-content\/uploads\/2023\/10\/nuestra-empresa1-tarraula-estudio-interismo-javea.jpg 1086w\" sizes=\"(max-width: 1024px) 100vw, 1024px\" \/>\t\t\t\t\t\t\t\t\t\t\t\t\t\t\t<\/div>\n\t\t\t\t<\/div>\n\t\t\t\t<div class=\"elementor-element elementor-element-639f341 elementor-widget elementor-widget-image\" data-id=\"639f341\" data-element_type=\"widget\" data-e-type=\"widget\" data-widget_type=\"image.default\">\n\t\t\t\t<div class=\"elementor-widget-container\">\n\t\t\t\t\t\t\t\t\t\t\t\t\t\t\t<img loading=\"lazy\" decoding=\"async\" width=\"1024\" height=\"683\" src=\"https:\/\/tarraula.com\/wp-content\/uploads\/2023\/10\/nuestra-empresa3-tarraula-estudio-interismo-javea-1024x683.jpg\" class=\"attachment-large size-large wp-image-1293\" alt=\"our company. interior design studio javea\" srcset=\"https:\/\/tarraula.com\/wp-content\/uploads\/2023\/10\/nuestra-empresa3-tarraula-estudio-interismo-javea-1024x683.jpg 1024w, https:\/\/tarraula.com\/wp-content\/uploads\/2023\/10\/nuestra-empresa3-tarraula-estudio-interismo-javea-300x200.jpg 300w, https:\/\/tarraula.com\/wp-content\/uploads\/2023\/10\/nuestra-empresa3-tarraula-estudio-interismo-javea-768x512.jpg 768w, https:\/\/tarraula.com\/wp-content\/uploads\/2023\/10\/nuestra-empresa3-tarraula-estudio-interismo-javea-700x467.jpg 700w, https:\/\/tarraula.com\/wp-content\/uploads\/2023\/10\/nuestra-empresa3-tarraula-estudio-interismo-javea.jpg 1086w\" sizes=\"(max-width: 1024px) 100vw, 1024px\" \/>\t\t\t\t\t\t\t\t\t\t\t\t\t\t\t<\/div>\n\t\t\t\t<\/div>\n\t\t\t\t<\/div>\n\t\t\t\t\t<\/div>\n\t\t\t\t<\/div>\n\t\t<div class=\"elementor-element elementor-element-fe4a774 e-flex e-con-boxed parallax_section_no qode_elementor_container_no e-con e-parent\" data-id=\"fe4a774\" data-element_type=\"container\" data-e-type=\"container\">\n\t\t\t\t\t<div class=\"e-con-inner\">\n\t\t\t\t<div class=\"elementor-element elementor-element-4610969 elementor-widget elementor-widget-spacer\" data-id=\"4610969\" data-element_type=\"widget\" data-e-type=\"widget\" data-widget_type=\"spacer.default\">\n\t\t\t\t<div class=\"elementor-widget-container\">\n\t\t\t\t\t\t\t<div class=\"elementor-spacer\">\n\t\t\t<div class=\"elementor-spacer-inner\"><\/div>\n\t\t<\/div>\n\t\t\t\t\t\t<\/div>\n\t\t\t\t<\/div>\n\t\t\t\t\t<\/div>\n\t\t\t\t<\/div>\n\t\t<div class=\"elementor-element elementor-element-d9aab9b e-con-full e-flex parallax_section_no qode_elementor_container_no e-con e-parent\" data-id=\"d9aab9b\" data-element_type=\"container\" data-e-type=\"container\" data-settings=\"{&quot;background_background&quot;:&quot;classic&quot;}\">\n\t\t\t\t<div class=\"elementor-element elementor-element-7b2e2eb elementor-absolute elementor-widget elementor-widget-heading\" data-id=\"7b2e2eb\" data-element_type=\"widget\" data-e-type=\"widget\" data-settings=\"{&quot;_position&quot;:&quot;absolute&quot;}\" data-widget_type=\"heading.default\">\n\t\t\t\t<div class=\"elementor-widget-container\">\n\t\t\t\t\t<p class=\"elementor-heading-title elementor-size-default\">More than 50 years of experience.<\/p>\t\t\t\t<\/div>\n\t\t\t\t<\/div>\n\t\t\t\t<div class=\"elementor-element elementor-element-71b9115 elementor-absolute elementor-widget elementor-widget-heading\" data-id=\"71b9115\" data-element_type=\"widget\" data-e-type=\"widget\" data-settings=\"{&quot;_position&quot;:&quot;absolute&quot;}\" data-widget_type=\"heading.default\">\n\t\t\t\t<div class=\"elementor-widget-container\">\n\t\t\t\t\t<p class=\"elementor-heading-title elementor-size-default\">We design your space<\/p>\t\t\t\t<\/div>\n\t\t\t\t<\/div>\n\t\t\t\t<div class=\"elementor-element elementor-element-c26bfcf elementor-widget__width-initial elementor-absolute elementor-widget-tablet__width-initial elementor-widget-mobile__width-initial elementor-widget elementor-widget-heading\" data-id=\"c26bfcf\" data-element_type=\"widget\" data-e-type=\"widget\" data-settings=\"{&quot;_position&quot;:&quot;absolute&quot;}\" data-widget_type=\"heading.default\">\n\t\t\t\t<div class=\"elementor-widget-container\">\n\t\t\t\t\t<p class=\"elementor-heading-title elementor-size-default\">At Tarraula, we have a team of professionals who will advise you and manage your home or contract\nyour housing or contracting project down to the smallest detail, regardless of its size, as for us there is no such thing as a small project.\nfor us there is no such thing as a small project.<\/p>\t\t\t\t<\/div>\n\t\t\t\t<\/div>\n\t\t\t\t<div class=\"elementor-element elementor-element-f168e2b elementor-widget__width-initial elementor-absolute elementor-widget-tablet__width-initial elementor-widget elementor-widget-button\" data-id=\"f168e2b\" data-element_type=\"widget\" data-e-type=\"widget\" data-settings=\"{&quot;_position&quot;:&quot;absolute&quot;}\" data-widget_type=\"button.default\">\n\t\t\t\t<div class=\"elementor-widget-container\">\n\t\t\t\t\t\t\t\t\t<div class=\"elementor-button-wrapper\">\n\t\t\t\t\t<a class=\"elementor-button elementor-button-link elementor-size-sm\" href=\"https:\/\/tarraula.com\/en\/proyectos\/\">\n\t\t\t\t\t\t<span class=\"elementor-button-content-wrapper\">\n\t\t\t\t\t\t\t\t\t<span class=\"elementor-button-text\">See projects<\/span>\n\t\t\t\t\t<\/span>\n\t\t\t\t\t<\/a>\n\t\t\t\t<\/div>\n\t\t\t\t\t\t\t\t<\/div>\n\t\t\t\t<\/div>\n\t\t\t\t<\/div>\n\t\t\t\t<\/div>","protected":false},"excerpt":{"rendered":"<p>Our company Tarraula is a family business, founded in 1967, which has always been related to the world of furniture and decoration. Year after year, we have been improving and innovating to offer the best of ourselves in each project. The current interior design studio...<\/p>","protected":false},"author":1,"featured_media":0,"parent":0,"menu_order":0,"comment_status":"closed","ping_status":"closed","template":"full_width.php","meta":{"footnotes":""},"class_list":["post-1286","page","type-page","status-publish","hentry"],"yoast_head":"<!-- This site is optimized with the Yoast SEO plugin v27.5 - https:\/\/yoast.com\/product\/yoast-seo-wordpress\/ -->\n<title>Nuestra empresa - Tarraula<\/title>\n<meta name=\"description\" content=\"Conoce a Tarraula, l\u00edderes en dise\u00f1o de interiores en J\u00e1vea. Pasi\u00f3n y experiencia definen nuestra empresa dedicada a crear belleza.\" \/>\n<meta name=\"robots\" content=\"index, follow, max-snippet:-1, max-image-preview:large, max-video-preview:-1\" \/>\n<link rel=\"canonical\" href=\"https:\/\/tarraula.com\/en\/our-company\/\" \/>\n<meta property=\"og:locale\" content=\"en_GB\" \/>\n<meta property=\"og:type\" content=\"article\" \/>\n<meta property=\"og:title\" content=\"Nuestra empresa - Tarraula\" \/>\n<meta property=\"og:description\" content=\"Conoce a Tarraula, l\u00edderes en dise\u00f1o de interiores en J\u00e1vea. Pasi\u00f3n y experiencia definen nuestra empresa dedicada a crear belleza.\" \/>\n<meta property=\"og:url\" content=\"https:\/\/tarraula.com\/en\/our-company\/\" \/>\n<meta property=\"og:site_name\" content=\"Tarraula\" \/>\n<meta property=\"article:publisher\" content=\"https:\/\/www.facebook.com\/TarraulaDecor\" \/>\n<meta property=\"article:modified_time\" content=\"2025-05-08T08:57:07+00:00\" \/>\n<meta property=\"og:image\" content=\"https:\/\/tarraula.com\/wp-content\/uploads\/2023\/10\/nuestra-empresa2-tarraula-estudio-interismo-javea-1024x683.jpg\" \/>\n<meta name=\"twitter:card\" content=\"summary_large_image\" \/>\n<meta name=\"twitter:label1\" content=\"Estimated reading time\" \/>\n\t<meta name=\"twitter:data1\" content=\"2 minutes\" \/>\n<script type=\"application\/ld+json\" class=\"yoast-schema-graph\">{\"@context\":\"https:\\\/\\\/schema.org\",\"@graph\":[{\"@type\":\"WebPage\",\"@id\":\"https:\\\/\\\/tarraula.com\\\/en\\\/our-company\\\/\",\"url\":\"https:\\\/\\\/tarraula.com\\\/en\\\/our-company\\\/\",\"name\":\"Nuestra empresa - Tarraula\",\"isPartOf\":{\"@id\":\"https:\\\/\\\/tarraula.com\\\/en\\\/#website\"},\"primaryImageOfPage\":{\"@id\":\"https:\\\/\\\/tarraula.com\\\/en\\\/our-company\\\/#primaryimage\"},\"image\":{\"@id\":\"https:\\\/\\\/tarraula.com\\\/en\\\/our-company\\\/#primaryimage\"},\"thumbnailUrl\":\"https:\\\/\\\/tarraula.com\\\/wp-content\\\/uploads\\\/2023\\\/10\\\/nuestra-empresa2-tarraula-estudio-interismo-javea-1024x683.jpg\",\"datePublished\":\"2023-10-26T15:08:07+00:00\",\"dateModified\":\"2025-05-08T08:57:07+00:00\",\"description\":\"Conoce a Tarraula, l\u00edderes en dise\u00f1o de interiores en J\u00e1vea. Pasi\u00f3n y experiencia definen nuestra empresa dedicada a crear belleza.\",\"breadcrumb\":{\"@id\":\"https:\\\/\\\/tarraula.com\\\/en\\\/our-company\\\/#breadcrumb\"},\"inLanguage\":\"en-GB\",\"potentialAction\":[{\"@type\":\"ReadAction\",\"target\":[\"https:\\\/\\\/tarraula.com\\\/en\\\/our-company\\\/\"]}]},{\"@type\":\"ImageObject\",\"inLanguage\":\"en-GB\",\"@id\":\"https:\\\/\\\/tarraula.com\\\/en\\\/our-company\\\/#primaryimage\",\"url\":\"https:\\\/\\\/tarraula.com\\\/wp-content\\\/uploads\\\/2023\\\/10\\\/nuestra-empresa2-tarraula-estudio-interismo-javea-1024x683.jpg\",\"contentUrl\":\"https:\\\/\\\/tarraula.com\\\/wp-content\\\/uploads\\\/2023\\\/10\\\/nuestra-empresa2-tarraula-estudio-interismo-javea-1024x683.jpg\"},{\"@type\":\"BreadcrumbList\",\"@id\":\"https:\\\/\\\/tarraula.com\\\/en\\\/our-company\\\/#breadcrumb\",\"itemListElement\":[{\"@type\":\"ListItem\",\"position\":1,\"name\":\"Portada\",\"item\":\"https:\\\/\\\/tarraula.com\\\/\"},{\"@type\":\"ListItem\",\"position\":2,\"name\":\"Nuestra empresa\"}]},{\"@type\":\"WebSite\",\"@id\":\"https:\\\/\\\/tarraula.com\\\/en\\\/#website\",\"url\":\"https:\\\/\\\/tarraula.com\\\/en\\\/\",\"name\":\"Tarraula\",\"description\":\"\",\"publisher\":{\"@id\":\"https:\\\/\\\/tarraula.com\\\/en\\\/#organization\"},\"potentialAction\":[{\"@type\":\"SearchAction\",\"target\":{\"@type\":\"EntryPoint\",\"urlTemplate\":\"https:\\\/\\\/tarraula.com\\\/en\\\/?s={search_term_string}\"},\"query-input\":{\"@type\":\"PropertyValueSpecification\",\"valueRequired\":true,\"valueName\":\"search_term_string\"}}],\"inLanguage\":\"en-GB\"},{\"@type\":\"Organization\",\"@id\":\"https:\\\/\\\/tarraula.com\\\/en\\\/#organization\",\"name\":\"Tarraula\",\"url\":\"https:\\\/\\\/tarraula.com\\\/en\\\/\",\"logo\":{\"@type\":\"ImageObject\",\"inLanguage\":\"en-GB\",\"@id\":\"https:\\\/\\\/tarraula.com\\\/en\\\/#\\\/schema\\\/logo\\\/image\\\/\",\"url\":\"https:\\\/\\\/tarraula.com\\\/wp-content\\\/uploads\\\/2023\\\/10\\\/logo-tarraula-blanco-1.png\",\"contentUrl\":\"https:\\\/\\\/tarraula.com\\\/wp-content\\\/uploads\\\/2023\\\/10\\\/logo-tarraula-blanco-1.png\",\"width\":2718,\"height\":775,\"caption\":\"Tarraula\"},\"image\":{\"@id\":\"https:\\\/\\\/tarraula.com\\\/en\\\/#\\\/schema\\\/logo\\\/image\\\/\"},\"sameAs\":[\"https:\\\/\\\/www.facebook.com\\\/TarraulaDecor\",\"https:\\\/\\\/www.instagram.com\\\/tarraula_studio\\\/\",\"https:\\\/\\\/www.linkedin.com\\\/checkpoint\\\/challenge\\\/AgGxMaAAKmkujAAAAY03DKJGh8YrXQll8-Lkb16Je12NpeZhAhPSR8LCqDDOi4RA5FsqcrQeHSMoaa55kyYqTHn1XkeuoA?ut=2Q3bbLlDJvTr41\"]}]}<\/script>\n<!-- \/ Yoast SEO plugin. -->","yoast_head_json":{"title":"Nuestra empresa - Tarraula","description":"Conoce a Tarraula, l\u00edderes en dise\u00f1o de interiores en J\u00e1vea. Pasi\u00f3n y experiencia definen nuestra empresa dedicada a crear belleza.","robots":{"index":"index","follow":"follow","max-snippet":"max-snippet:-1","max-image-preview":"max-image-preview:large","max-video-preview":"max-video-preview:-1"},"canonical":"https:\/\/tarraula.com\/en\/our-company\/","og_locale":"en_GB","og_type":"article","og_title":"Nuestra empresa - Tarraula","og_description":"Conoce a Tarraula, l\u00edderes en dise\u00f1o de interiores en J\u00e1vea. Pasi\u00f3n y experiencia definen nuestra empresa dedicada a crear belleza.","og_url":"https:\/\/tarraula.com\/en\/our-company\/","og_site_name":"Tarraula","article_publisher":"https:\/\/www.facebook.com\/TarraulaDecor","article_modified_time":"2025-05-08T08:57:07+00:00","og_image":[{"url":"https:\/\/tarraula.com\/wp-content\/uploads\/2023\/10\/nuestra-empresa2-tarraula-estudio-interismo-javea-1024x683.jpg","type":"","width":"","height":""}],"twitter_card":"summary_large_image","twitter_misc":{"Estimated reading time":"2 minutes"},"schema":{"@context":"https:\/\/schema.org","@graph":[{"@type":"WebPage","@id":"https:\/\/tarraula.com\/en\/our-company\/","url":"https:\/\/tarraula.com\/en\/our-company\/","name":"Nuestra empresa - Tarraula","isPartOf":{"@id":"https:\/\/tarraula.com\/en\/#website"},"primaryImageOfPage":{"@id":"https:\/\/tarraula.com\/en\/our-company\/#primaryimage"},"image":{"@id":"https:\/\/tarraula.com\/en\/our-company\/#primaryimage"},"thumbnailUrl":"https:\/\/tarraula.com\/wp-content\/uploads\/2023\/10\/nuestra-empresa2-tarraula-estudio-interismo-javea-1024x683.jpg","datePublished":"2023-10-26T15:08:07+00:00","dateModified":"2025-05-08T08:57:07+00:00","description":"Conoce a Tarraula, l\u00edderes en dise\u00f1o de interiores en J\u00e1vea. Pasi\u00f3n y experiencia definen nuestra empresa dedicada a crear belleza.","breadcrumb":{"@id":"https:\/\/tarraula.com\/en\/our-company\/#breadcrumb"},"inLanguage":"en-GB","potentialAction":[{"@type":"ReadAction","target":["https:\/\/tarraula.com\/en\/our-company\/"]}]},{"@type":"ImageObject","inLanguage":"en-GB","@id":"https:\/\/tarraula.com\/en\/our-company\/#primaryimage","url":"https:\/\/tarraula.com\/wp-content\/uploads\/2023\/10\/nuestra-empresa2-tarraula-estudio-interismo-javea-1024x683.jpg","contentUrl":"https:\/\/tarraula.com\/wp-content\/uploads\/2023\/10\/nuestra-empresa2-tarraula-estudio-interismo-javea-1024x683.jpg"},{"@type":"BreadcrumbList","@id":"https:\/\/tarraula.com\/en\/our-company\/#breadcrumb","itemListElement":[{"@type":"ListItem","position":1,"name":"Portada","item":"https:\/\/tarraula.com\/"},{"@type":"ListItem","position":2,"name":"Nuestra empresa"}]},{"@type":"WebSite","@id":"https:\/\/tarraula.com\/en\/#website","url":"https:\/\/tarraula.com\/en\/","name":"Tarraula","description":"","publisher":{"@id":"https:\/\/tarraula.com\/en\/#organization"},"potentialAction":[{"@type":"SearchAction","target":{"@type":"EntryPoint","urlTemplate":"https:\/\/tarraula.com\/en\/?s={search_term_string}"},"query-input":{"@type":"PropertyValueSpecification","valueRequired":true,"valueName":"search_term_string"}}],"inLanguage":"en-GB"},{"@type":"Organization","@id":"https:\/\/tarraula.com\/en\/#organization","name":"Tarraula","url":"https:\/\/tarraula.com\/en\/","logo":{"@type":"ImageObject","inLanguage":"en-GB","@id":"https:\/\/tarraula.com\/en\/#\/schema\/logo\/image\/","url":"https:\/\/tarraula.com\/wp-content\/uploads\/2023\/10\/logo-tarraula-blanco-1.png","contentUrl":"https:\/\/tarraula.com\/wp-content\/uploads\/2023\/10\/logo-tarraula-blanco-1.png","width":2718,"height":775,"caption":"Tarraula"},"image":{"@id":"https:\/\/tarraula.com\/en\/#\/schema\/logo\/image\/"},"sameAs":["https:\/\/www.facebook.com\/TarraulaDecor","https:\/\/www.instagram.com\/tarraula_studio\/","https:\/\/www.linkedin.com\/checkpoint\/challenge\/AgGxMaAAKmkujAAAAY03DKJGh8YrXQll8-Lkb16Je12NpeZhAhPSR8LCqDDOi4RA5FsqcrQeHSMoaa55kyYqTHn1XkeuoA?ut=2Q3bbLlDJvTr41"]}]}},"_links":{"self":[{"href":"https:\/\/tarraula.com\/en\/wp-json\/wp\/v2\/pages\/1286","targetHints":{"allow":["GET"]}}],"collection":[{"href":"https:\/\/tarraula.com\/en\/wp-json\/wp\/v2\/pages"}],"about":[{"href":"https:\/\/tarraula.com\/en\/wp-json\/wp\/v2\/types\/page"}],"author":[{"embeddable":true,"href":"https:\/\/tarraula.com\/en\/wp-json\/wp\/v2\/users\/1"}],"replies":[{"embeddable":true,"href":"https:\/\/tarraula.com\/en\/wp-json\/wp\/v2\/comments?post=1286"}],"version-history":[{"count":29,"href":"https:\/\/tarraula.com\/en\/wp-json\/wp\/v2\/pages\/1286\/revisions"}],"predecessor-version":[{"id":2968,"href":"https:\/\/tarraula.com\/en\/wp-json\/wp\/v2\/pages\/1286\/revisions\/2968"}],"wp:attachment":[{"href":"https:\/\/tarraula.com\/en\/wp-json\/wp\/v2\/media?parent=1286"}],"curies":[{"name":"wp","href":"https:\/\/api.w.org\/{rel}","templated":true}]}}